{"id":734,"date":"2024-09-01T13:25:52","date_gmt":"2024-09-01T11:25:52","guid":{"rendered":"https:\/\/mesiwa.de\/?page_id=734"},"modified":"2024-09-08T20:16:02","modified_gmt":"2024-09-08T18:16:02","slug":"home-2","status":"publish","type":"page","link":"https:\/\/mesiwa.de\/","title":{"rendered":"Home"},"content":{"rendered":"<p><!-- [et_pb_line_break_holder] --><\/p>\n<p><!-- [et_pb_line_break_holder] --><!-- [et_pb_line_break_holder] --><!-- [et_pb_line_break_holder] --><!-- [et_pb_line_break_holder] --><\/p>\n<header><!-- [et_pb_line_break_holder] --> <!-- [et_pb_line_break_holder] --><\/header>\n<p><!-- [et_pb_line_break_holder] --><!-- [et_pb_line_break_holder] --><\/p>\n<div class=\"container\"><!-- [et_pb_line_break_holder] --><\/p>\n<section class=\"section\"><!-- [et_pb_line_break_holder] --><\/p>\n<h2>\u00dcber Uns<\/h2>\n<p><!-- [et_pb_line_break_holder] --><\/p>\n<p>MESIWA.DE unterst\u00fctzt Dich dabei, mental sicher im Wasser zu werden. Mit individuell abgestimmtem Coaching und modernen Methoden wie Wingwave Coaching helfen wir Dir, Deine Ziele zu erreichen. Egal, ob Du Dich auf Pr\u00fcfungen im Wasser f\u00fcr die Polizei, Feuerwehr oder Sporthochschule vorbereitest \u2013 wir begleiten Dich auf Deinem Weg!<\/p>\n<p><!-- [et_pb_line_break_holder] --><\/p>\n<\/section>\n<p><!-- [et_pb_line_break_holder] --><!-- [et_pb_line_break_holder] --><\/p>\n<section class=\"section services\"><!-- [et_pb_line_break_holder] --><\/p>\n<div class=\"service\"><!-- [et_pb_line_break_holder] --><\/p>\n<h3>Wingwave Coaching<\/h3>\n<p><!-- [et_pb_line_break_holder] --><\/p>\n<p>Effiziente Kurzzeit-Coaching-Methode zur Stressreduktion und Steigerung der mentalen St\u00e4rke. Besonders geeignet f\u00fcr Pr\u00fcfungsvorbereitungen und sportliche Herausforderungen.<\/p>\n<p><!-- [et_pb_line_break_holder] --><\/p>\n<\/div>\n<p><!-- [et_pb_line_break_holder] --><\/p>\n<div class=\"service\"><!-- [et_pb_line_break_holder] --><\/p>\n<h3>Pr\u00fcfungen im Wasser<\/h3>\n<p><!-- [et_pb_line_break_holder] --><\/p>\n<p>Vorbereitung auf die spezifischen Anforderungen von Pr\u00fcfungen im Wasser bei Polizei-, Feuerwehr- und Sporthochschulen. Mental und k\u00f6rperlich fit \u2013 wir bringen Dich ans Ziel!<\/p>\n<p><!-- [et_pb_line_break_holder] --><\/p>\n<\/div>\n<p><!-- [et_pb_line_break_holder] --><\/p>\n<div class=\"service\"><!-- [et_pb_line_break_holder] --><\/p>\n<h3>Individuelles Coaching<\/h3>\n<p><!-- [et_pb_line_break_holder] --><\/p>\n<p>Ma\u00dfgeschneidertes Coaching f\u00fcr Deine pers\u00f6nlichen Ziele im Wasser. Von der \u00dcberwindung von Blockaden bis zur Verbesserung der Schwimmtechnik \u2013 wir unterst\u00fctzen Dich.<\/p>\n<p><!-- [et_pb_line_break_holder] --><\/p>\n<\/div>\n<p><!-- [et_pb_line_break_holder] --><\/p>\n<\/section>\n<p><!-- [et_pb_line_break_holder] --><!-- [et_pb_line_break_holder] --><\/p>\n<section class=\"section certificate\"><!-- [et_pb_line_break_holder] --><\/p>\n<h2>Wingwave Qualit\u00e4tszertifikat<\/h2>\n<p><!-- [et_pb_line_break_holder] --> <img decoding=\"async\" src=\"https:\/\/mesiwa.de\/wp-content\/uploads\/2024\/09\/Qualitaetssiegel2024-e1725186526618.png\" alt=\"Wingwave Zertifikat\" \/><!-- [et_pb_line_break_holder] --><\/p>\n<p>Unsere Arbeit ist zertifiziert nach ISO 29993. Wir stehen f\u00fcr h\u00f6chste Qualit\u00e4t im Coaching!<\/p>\n<p><!-- [et_pb_line_break_holder] --><\/p>\n<\/section>\n<p><!-- [et_pb_line_break_holder] --><!-- [et_pb_line_break_holder] --><\/p>\n<section class=\"section\"><!-- [et_pb_line_break_holder] --><\/p>\n<h2>Kontakt<\/h2>\n<p><!-- [et_pb_line_break_holder] --><\/p>\n<p>Interessiert? Nimm Kontakt mit uns auf und starte Dein Coaching!<\/p>\n<p><!-- [et_pb_line_break_holder] --><\/p>\n<p>Email: <a href=\"mailto:info@mesiwa.de\">info@mesiwa.de<\/a><\/p>\n<p><!-- [et_pb_line_break_holder] --><\/p>\n<p>Telefon: +49 (0)176 45789888<\/p>\n<p><!-- [et_pb_line_break_holder] --><\/p>\n<\/section>\n<p><!-- [et_pb_line_break_holder] --><\/p>\n<\/div>\n<p><!-- [et_pb_line_break_holder] --><!-- [et_pb_line_break_holder] --><\/p>\n<footer><!-- [et_pb_line_break_holder] --> \u00a9 2024 MESIWA.DE | Mental Sicher im Wasser<!-- [et_pb_line_break_holder] --><\/footer>\n<p>&nbsp;<\/p>\n","protected":false},"excerpt":{"rendered":"<p>\u00dcber Uns MESIWA.DE unterst\u00fctzt Dich dabei, mental sicher im Wasser zu werden. Mit individuell abgestimmtem Coaching und modernen Methoden wie [&hellip;]<\/p>\n","protected":false},"author":2,"featured_media":0,"parent":0,"menu_order":1,"comment_status":"closed","ping_status":"closed","template":"","meta":{"site-sidebar-layout":"default","site-content-layout":"","ast-site-content-layout":"","site-content-style":"default","site-sidebar-style":"default","ast-global-header-display":"","ast-banner-title-visibility":"","ast-main-header-display":"","ast-hfb-above-header-display":"","ast-hfb-below-header-display":"","ast-hfb-mobile-header-display":"","site-post-title":"disabled","ast-breadcrumbs-content":"","ast-featured-img":"","footer-sml-layout":"","theme-transparent-header-meta":"","adv-header-id-meta":"","stick-header-meta":"","header-above-stick-meta":"","header-main-stick-meta":"","header-below-stick-meta":"","astra-migrate-meta-layouts":"default","ast-page-background-enabled":"default","ast-page-background-meta":{"desktop":{"background-color":"var(--ast-global-color-4)","background-image":"","background-repeat":"repeat","background-position":"center center","background-size":"auto","background-attachment":"scroll","background-type":"","background-media":"","overlay-type":"","overlay-color":"","overlay-opacity":"","overlay-gradient":""},"tablet":{"background-color":"","background-image":"","background-repeat":"repeat","background-position":"center center","background-size":"auto","background-attachment":"scroll","background-type":"","background-media":"","overlay-type":"","overlay-color":"","overlay-opacity":"","overlay-gradient":""},"mobile":{"background-color":"","background-image":"","background-repeat":"repeat","background-position":"center center","background-size":"auto","background-attachment":"scroll","background-type":"","background-media":"","overlay-type":"","overlay-color":"","overlay-opacity":"","overlay-gradient":""}},"ast-content-background-meta":{"desktop":{"background-color":"var(--ast-global-color-5)","background-image":"","background-repeat":"repeat","background-position":"center center","background-size":"auto","background-attachment":"scroll","background-type":"","background-media":"","overlay-type":"","overlay-color":"","overlay-opacity":"","overlay-gradient":""},"tablet":{"background-color":"var(--ast-global-color-5)","background-image":"","background-repeat":"repeat","background-position":"center center","background-size":"auto","background-attachment":"scroll","background-type":"","background-media":"","overlay-type":"","overlay-color":"","overlay-opacity":"","overlay-gradient":""},"mobile":{"background-color":"var(--ast-global-color-5)","background-image":"","background-repeat":"repeat","background-position":"center center","background-size":"auto","background-attachment":"scroll","background-type":"","background-media":"","overlay-type":"","overlay-color":"","overlay-opacity":"","overlay-gradient":""}},"footnotes":""},"class_list":["post-734","page","type-page","status-publish","hentry"],"_links":{"self":[{"href":"https:\/\/mesiwa.de\/index.php?rest_route=\/wp\/v2\/pages\/734"}],"collection":[{"href":"https:\/\/mesiwa.de\/index.php?rest_route=\/wp\/v2\/pages"}],"about":[{"href":"https:\/\/mesiwa.de\/index.php?rest_route=\/wp\/v2\/types\/page"}],"author":[{"embeddable":true,"href":"https:\/\/mesiwa.de\/index.php?rest_route=\/wp\/v2\/users\/2"}],"replies":[{"embeddable":true,"href":"https:\/\/mesiwa.de\/index.php?rest_route=%2Fwp%2Fv2%2Fcomments&post=734"}],"version-history":[{"count":13,"href":"https:\/\/mesiwa.de\/index.php?rest_route=\/wp\/v2\/pages\/734\/revisions"}],"predecessor-version":[{"id":957,"href":"https:\/\/mesiwa.de\/index.php?rest_route=\/wp\/v2\/pages\/734\/revisions\/957"}],"wp:attachment":[{"href":"https:\/\/mesiwa.de\/index.php?rest_route=%2Fwp%2Fv2%2Fmedia&parent=734"}],"curies":[{"name":"wp","href":"https:\/\/api.w.org\/{rel}","templated":true}]}}