{"id":583,"date":"2024-09-07T11:36:15","date_gmt":"2024-09-07T09:36:15","guid":{"rendered":"https:\/\/mesiwa.de\/?page_id=583"},"modified":"2024-09-08T20:11:41","modified_gmt":"2024-09-08T18:11:41","slug":"datenschutz","status":"publish","type":"page","link":"https:\/\/mesiwa.de\/?page_id=583","title":{"rendered":"Datenschutz"},"content":{"rendered":"<p>Datenschutzerkl\u00e4rung<!-- [et_pb_line_break_holder] --><!-- [et_pb_line_break_holder] -->Verantwortlicher:<!-- [et_pb_line_break_holder] -->Robert Meyer<!-- [et_pb_line_break_holder] -->Ossendorfer Weg 22<!-- [et_pb_line_break_holder] -->50827 K\u00f6ln<!-- [et_pb_line_break_holder] -->Tel: +49 176 45789888<!-- [et_pb_line_break_holder] -->E-Mail: robert@mesiwa.de<!-- [et_pb_line_break_holder] --><!-- [et_pb_line_break_holder] -->Allgemeine Hinweise zur Datenverarbeitung:<!-- [et_pb_line_break_holder] -->Wir verarbeiten personenbezogene Daten nur, wenn dies zur Bereitstellung einer funktionsf\u00e4higen Webseite sowie unserer Inhalte und Leistungen erforderlich ist. Die Verarbeitung personenbezogener Daten erfolgt nur nach Einwilligung der Nutzer oder wenn die Verarbeitung durch gesetzliche Vorschriften gestattet ist.<!-- [et_pb_line_break_holder] --><!-- [et_pb_line_break_holder] -->Erfassung allgemeiner Informationen:<!-- [et_pb_line_break_holder] -->Beim Besuch unserer Webseite werden automatisch Informationen erfasst, die Ihr Browser an unseren Server \u00fcbermittelt (z. B. IP-Adresse, Browsertyp, Zugriffszeit). Diese Daten sind technisch notwendig, um die Webseite anzuzeigen und dienen der Sicherheit.<!-- [et_pb_line_break_holder] --><!-- [et_pb_line_break_holder] -->Google-Bewertungen:<!-- [et_pb_line_break_holder] -->Auf unserer Webseite binden wir Bewertungen von Google My Business ein. Bitte beachten Sie, dass Google m\u00f6glicherweise personenbezogene Daten sammelt, wenn Sie das Widget nutzen. Weitere Informationen finden Sie in der Datenschutzerkl\u00e4rung von Google.<!-- [et_pb_line_break_holder] --><!-- [et_pb_line_break_holder] -->Externe Links zu LinkedIn:<!-- [et_pb_line_break_holder] -->Unsere Webseite enth\u00e4lt Links zu LinkedIn. Wenn Sie auf diesen Link klicken, werden Sie auf die Webseite von LinkedIn weitergeleitet, die ihre eigenen Datenschutzrichtlinien hat. Wir haben keinen Einfluss darauf, welche Daten LinkedIn sammelt und wie diese verarbeitet werden.<!-- [et_pb_line_break_holder] --><!-- [et_pb_line_break_holder] -->Kontaktaufnahme:<!-- [et_pb_line_break_holder] -->Wenn Sie uns per E-Mail oder Telefon kontaktieren, verarbeiten wir Ihre Angaben zur Beantwortung Ihrer Anfrage. Diese Daten werden ohne Ihre ausdr\u00fcckliche Zustimmung nicht an Dritte weitergegeben.<!-- [et_pb_line_break_holder] --><!-- [et_pb_line_break_holder] -->Ihre Rechte:<!-- [et_pb_line_break_holder] -->Sie haben das Recht auf Auskunft, Berichtigung, L\u00f6schung und Einschr\u00e4nkung der Verarbeitung Ihrer Daten sowie das Recht, der Verarbeitung zu widersprechen. Wenden Sie sich hierf\u00fcr bitte an die oben genannten Kontaktdaten.<!-- [et_pb_line_break_holder] --><!-- [et_pb_line_break_holder] -->Beschwerderecht bei der Aufsichtsbeh\u00f6rde:<!-- [et_pb_line_break_holder] -->Falls Sie der Meinung sind, dass die Verarbeitung Ihrer Daten gegen die DSGVO verst\u00f6\u00dft, haben Sie das Recht, sich bei der zust\u00e4ndigen Datenschutzaufsichtsbeh\u00f6rde zu beschweren.<!-- [et_pb_line_break_holder] --><!-- [et_pb_line_break_holder] -->Sicherheitsma\u00dfnahmen:<!-- [et_pb_line_break_holder] -->Zum Schutz Ihrer Daten setzen wir technische und organisatorische Ma\u00dfnahmen ein, wie die Verschl\u00fcsselung der Webseite (SSL).<!-- [et_pb_line_break_holder] --><!-- [et_pb_line_break_holder] -->Stand: September 2024<\/p>\n","protected":false},"excerpt":{"rendered":"<p>Datenschutzerkl\u00e4rungVerantwortlicher:Robert MeyerOssendorfer Weg 2250827 K\u00f6lnTel: +49 176 45789888E-Mail: robert@mesiwa.deAllgemeine Hinweise zur Datenverarbeitung:Wir verarbeiten personenbezogene Daten nur, wenn dies zur Bereitstellung [&hellip;]<\/p>\n","protected":false},"author":2,"featured_media":0,"parent":0,"menu_order":3,"comment_status":"closed","ping_status":"closed","template":"","meta":{"site-sidebar-layout":"default","site-content-layout":"","ast-site-content-layout":"","site-content-style":"default","site-sidebar-style":"default","ast-global-header-display":"","ast-banner-title-visibility":"","ast-main-header-display":"","ast-hfb-above-header-display":"","ast-hfb-below-header-display":"","ast-hfb-mobile-header-display":"","site-post-title":"","ast-breadcrumbs-content":"","ast-featured-img":"","footer-sml-layout":"","theme-transparent-header-meta":"","adv-header-id-meta":"","stick-header-meta":"","header-above-stick-meta":"","header-main-stick-meta":"","header-below-stick-meta":"","astra-migrate-meta-layouts":"default","ast-page-background-enabled":"default","ast-page-background-meta":{"desktop":{"background-color":"var(--ast-global-color-4)","background-image":"","background-repeat":"repeat","background-position":"center center","background-size":"auto","background-attachment":"scroll","background-type":"","background-media":"","overlay-type":"","overlay-color":"","overlay-opacity":"","overlay-gradient":""},"tablet":{"background-color":"","background-image":"","background-repeat":"repeat","background-position":"center center","background-size":"auto","background-attachment":"scroll","background-type":"","background-media":"","overlay-type":"","overlay-color":"","overlay-opacity":"","overlay-gradient":""},"mobile":{"background-color":"","background-image":"","background-repeat":"repeat","background-position":"center center","background-size":"auto","background-attachment":"scroll","background-type":"","background-media":"","overlay-type":"","overlay-color":"","overlay-opacity":"","overlay-gradient":""}},"ast-content-background-meta":{"desktop":{"background-color":"var(--ast-global-color-5)","background-image":"","background-repeat":"repeat","background-position":"center center","background-size":"auto","background-attachment":"scroll","background-type":"","background-media":"","overlay-type":"","overlay-color":"","overlay-opacity":"","overlay-gradient":""},"tablet":{"background-color":"var(--ast-global-color-5)","background-image":"","background-repeat":"repeat","background-position":"center center","background-size":"auto","background-attachment":"scroll","background-type":"","background-media":"","overlay-type":"","overlay-color":"","overlay-opacity":"","overlay-gradient":""},"mobile":{"background-color":"var(--ast-global-color-5)","background-image":"","background-repeat":"repeat","background-position":"center center","background-size":"auto","background-attachment":"scroll","background-type":"","background-media":"","overlay-type":"","overlay-color":"","overlay-opacity":"","overlay-gradient":""}},"footnotes":""},"class_list":["post-583","page","type-page","status-publish","hentry"],"_links":{"self":[{"href":"https:\/\/mesiwa.de\/index.php?rest_route=\/wp\/v2\/pages\/583"}],"collection":[{"href":"https:\/\/mesiwa.de\/index.php?rest_route=\/wp\/v2\/pages"}],"about":[{"href":"https:\/\/mesiwa.de\/index.php?rest_route=\/wp\/v2\/types\/page"}],"author":[{"embeddable":true,"href":"https:\/\/mesiwa.de\/index.php?rest_route=\/wp\/v2\/users\/2"}],"replies":[{"embeddable":true,"href":"https:\/\/mesiwa.de\/index.php?rest_route=%2Fwp%2Fv2%2Fcomments&post=583"}],"version-history":[{"count":28,"href":"https:\/\/mesiwa.de\/index.php?rest_route=\/wp\/v2\/pages\/583\/revisions"}],"predecessor-version":[{"id":928,"href":"https:\/\/mesiwa.de\/index.php?rest_route=\/wp\/v2\/pages\/583\/revisions\/928"}],"wp:attachment":[{"href":"https:\/\/mesiwa.de\/index.php?rest_route=%2Fwp%2Fv2%2Fmedia&parent=583"}],"curies":[{"name":"wp","href":"https:\/\/api.w.org\/{rel}","templated":true}]}}